{"id":156,"date":"2025-03-27T20:10:44","date_gmt":"2025-03-27T19:10:44","guid":{"rendered":"https:\/\/www.jeslemodrany.cz\/?page_id=156"},"modified":"2026-04-16T09:23:41","modified_gmt":"2026-04-16T07:23:41","slug":"uvod-2","status":"publish","type":"page","link":"https:\/\/www.jeslemodrany.cz\/","title":{"rendered":"\u00davod"},"content":{"rendered":"<div class=\"\" style=\"\" >\n    \n    <section class=\"u-clearfix u-custom-color-11 u-section-2\" id=\"sec-7c35\">\n      <div class=\"u-clearfix u-sheet u-sheet-1\">\n        <div class=\"u-align-left u-container-style u-custom-color-12 u-expanded-width u-group u-radius u-shape-round u-group-1\">\n          <div class=\"u-container-layout u-container-layout-1\">\n            <img decoding=\"async\" class=\"u-image u-image-default u-image-1\" src=\"https:\/\/www.jeslemodrany.cz\/wp-content\/uploads\/2025\/05\/output-onlinejpgtools.jpg\" alt=\"\" data-image-width=\"460\" data-image-height=\"316\">\n            <p class=\"u-text u-text-1\"> D\u011btsk\u00e1 skupina - Odd\u011blen\u00ed p\u00e9\u010de o d\u011bti mlad\u0161\u00edho ne\u017e p\u0159ed\u0161koln\u00edho v\u011bku<\/p>\n            <p class=\"u-text u-text-default u-text-2\"> Soci\u00e1ln\u00ed slu\u017eby m\u011bstsk\u00e9 \u010d\u00e1sti Praha 12,&nbsp;<br>p\u0159\u00edsp\u011bvkov\u00e1 organizace \n            <\/p>\n          <\/div>\n        <\/div>\n        <div class=\"custom-expanded u-align-left u-container-style u-custom-color-12 u-group u-radius u-shape-round u-group-2\">\n          <div class=\"u-container-layout u-container-layout-2\">\n            <p class=\"u-text u-text-3\">\n              <span style=\"font-weight: 700;\">&nbsp; \u200b\n                      V\u00e1\u017een\u00ed rodi\u010de, <\/span>\n              <br>\n              <br>D\u011btsk\u00e1 skupina - Odd\u011blen\u00ed p\u00e9\u010de o d\u011bti mlad\u0161\u00edho ne\u017e p\u0159ed\u0161koln\u00edho v\u011bku, \nkter\u00e1 je sou\u010d\u00e1st\u00ed p\u0159\u00edsp\u011bvkov\u00e9 organizace Soci\u00e1ln\u00ed slu\u017eby m\u011bstsk\u00e9 \u010d\u00e1sti \nPraha 12, zaji\u0161\u0165uje komplexn\u00ed celodenn\u00ed p\u00e9\u010di o d\u011bti ve v\u011bku od 12 m\u011bs\u00edc\u016f do 3 rok\u016f v dob\u011b, kdy tuto p\u00e9\u010di nemohou vlastn\u00edmi silami zajistit \nrodi\u010de. <br>\n              <br>Poskytov\u00e1n\u00ed p\u00e9\u010de prob\u00edh\u00e1 v p\u0159\u00edjemn\u00e9m, zdrav\u00e9m, citov\u011b a esteticky podn\u011btn\u00e9m prost\u0159ed\u00ed,&nbsp;<br>s pou\u017eit\u00edm kvalifikovan\u00e9ho person\u00e1lu.\n                    &nbsp;&nbsp; &nbsp; &nbsp; &nbsp; &nbsp; &nbsp; &nbsp; &nbsp; &nbsp; &nbsp; &nbsp; &nbsp; &nbsp; &nbsp; &nbsp; &nbsp; &nbsp; &nbsp; &nbsp; &nbsp; &nbsp; &nbsp; &nbsp; &nbsp; &nbsp; &nbsp; &nbsp; &nbsp; &nbsp; &nbsp; &nbsp; &nbsp; &nbsp; &nbsp; &nbsp; &nbsp; &nbsp; &nbsp; &nbsp; &nbsp;&nbsp; &nbsp;&nbsp;&nbsp;&nbsp;&nbsp;&nbsp;&nbsp;&nbsp;&nbsp;&nbsp;&nbsp;&nbsp;&nbsp;&nbsp;&nbsp;&nbsp;&nbsp;&nbsp;&nbsp;&nbsp;&nbsp;&nbsp;&nbsp;&nbsp;&nbsp;&nbsp;&nbsp;&nbsp;&nbsp;&nbsp;&nbsp;&nbsp;&nbsp;&nbsp;&nbsp;&nbsp;&nbsp;&nbsp;&nbsp;&nbsp;&nbsp;&nbsp;&nbsp;&nbsp;&nbsp;&nbsp;&nbsp;&nbsp;&nbsp;&nbsp;&nbsp;&nbsp;&nbsp;&nbsp;&nbsp;&nbsp;&nbsp;&nbsp;&nbsp;&nbsp;&nbsp;&nbsp;&nbsp; &nbsp; &nbsp; &nbsp; &nbsp; &nbsp; &nbsp; &nbsp; &nbsp; &nbsp; &nbsp; &nbsp; &nbsp; &nbsp; &nbsp; &nbsp; &nbsp; &nbsp; &nbsp; &nbsp; &nbsp; &nbsp; &nbsp; &nbsp; &nbsp; &nbsp; &nbsp; &nbsp; &nbsp; &nbsp; &nbsp; &nbsp; &nbsp; &nbsp; &nbsp; &nbsp; &nbsp; &nbsp; &nbsp; &nbsp;&nbsp; \n            <\/p>\n          <\/div>\n        <\/div>\n      <\/div>\n    <\/section>\n    <section class=\"u-clearfix u-custom-color-13 u-section-3\" id=\"sec-5c67\">\n      <div class=\"u-clearfix u-sheet u-sheet-1\">\n        <p class=\"u-text u-text-default u-text-1\">\n          <br>\n          <br>\n          <span style=\"font-weight: 700;\">Aktualita:<\/span> Dne 9. \u010dervna 2026 se v dob\u011b od 8,00 do 15,00 hod uskute\u010dn\u00ed 2. kolo \nz\u00e1pisu d\u011bt\u00ed do D\u011btsk\u00e9 skupiny - Odd\u011blen\u00ed p\u00e9\u010de o d\u011bti mlad\u0161\u00edho ne\u017e \np\u0159ed\u0161koln\u00edho v\u011bku.&nbsp;\n        <\/p>\n      <\/div>\n    <\/section>\n    <section class=\"u-clearfix u-custom-color-11 u-section-4\" id=\"sec-6fe7\">\n      <div class=\"u-clearfix u-sheet u-sheet-1\">\n        <div class=\"u-align-center u-container-style u-group u-hover-feature u-radius u-shape-round u-border-2 u-border-white u-custom-color-12 u-group-1\" data-href=\"https:\/\/www.jeslemodrany.cz\/?page_id=34\" title=\"Aktuality\">\n          <div class=\"u-container-layout u-container-layout-1\">\n            <p class=\"u-text u-text-default u-text-1\">Aktuality<\/p>\n            <img decoding=\"async\" class=\"u-image u-image-round u-radius u-image-1\" src=\"https:\/\/www.jeslemodrany.cz\/wp-content\/uploads\/2025\/03\/ObrzekWhatsApp2025-03-26v17.10.35_a8afd380.jpg\" alt=\"\" data-image-width=\"900\" data-image-height=\"1600\">\n            <p class=\"u-text u-text-default u-text-2\">Co je u n\u00e1s nov\u00e9ho<\/p>\n          <\/div>\n        <\/div>\n        <div class=\"u-container-style u-group u-hover-feature u-radius u-shape-round u-border-white u-border-2 u-custom-color-12 u-group-2\" data-href=\"https:\/\/www.jeslemodrany.cz\/?page_id=178\" title=\"Formul\u00e1\u0159e\">\n          <div class=\"u-container-layout u-container-layout-2\">\n            <p class=\"u-text u-text-default u-text-3\">Formul\u00e1\u0159e<\/p>\n            <img decoding=\"async\" class=\"u-image u-image-round u-radius u-image-2\" src=\"https:\/\/www.jeslemodrany.cz\/wp-content\/uploads\/2025\/03\/ObrzekWhatsApp2025-03-26v17.10.35_706b234a.jpg\" alt=\"\" data-image-width=\"1600\" data-image-height=\"900\">\n            <p class=\"u-text u-text-default u-text-4\">Co budete pot\u0159ebovat<\/p>\n          <\/div>\n        <\/div>\n        <div class=\"u-container-style u-group u-hover-feature u-radius u-shape-round u-border-white u-border-2 u-custom-color-12 u-group-3\" data-href=\"https:\/\/www.jeslemodrany.cz\/?page_id=117\" title=\"Galerie\">\n          <div class=\"u-container-layout u-container-layout-3\">\n            <p class=\"u-text u-text-default u-text-5\">Fotogalerie<\/p>\n            <img decoding=\"async\" class=\"u-image u-image-round u-radius u-image-3\" src=\"https:\/\/www.jeslemodrany.cz\/wp-content\/uploads\/2025\/03\/ObrzekWhatsApp2025-03-26v17.08.23_b02cc453.jpg\" alt=\"\" data-image-width=\"1200\" data-image-height=\"1600\">\n            <p class=\"u-text u-text-default u-text-6\">Jak to u n\u00e1s vypad\u00e1<\/p>\n          <\/div>\n        <\/div>\n        <div class=\"u-container-style u-group u-hover-feature u-radius u-shape-round u-border-white u-border-1 u-custom-color-12 u-group-4\" data-href=\"https:\/\/www.jeslemodrany.cz\/?page_id=20\" title=\"J\u00eddeln\u00ed\u010dek\">\n          <div class=\"u-container-layout u-container-layout-4\">\n            <p class=\"u-text u-text-default u-text-7\">Stravn\u00e9<\/p>\n            <img decoding=\"async\" class=\"u-image u-image-round u-radius u-image-4\" src=\"https:\/\/www.jeslemodrany.cz\/wp-content\/uploads\/2025\/03\/ObrzekWhatsApp2025-03-26v17.08.23_010d26d4.jpg\" alt=\"\" data-image-width=\"1200\" data-image-height=\"1600\">\n            <p class=\"u-text u-text-default u-text-8\">J\u00eddeln\u00ed\u010dek<\/p>\n          <\/div>\n        <\/div>\n      <\/div>\n      \n      \n      \n      \n    <\/section>\n    \n    \n    \n    \n  \n<\/div>","protected":false},"excerpt":{"rendered":"<p>D\u011btsk\u00e1 skupina &#8211; Odd\u011blen\u00ed p\u00e9\u010de o d\u011bti mlad\u0161\u00edho ne\u017e p\u0159ed\u0161koln\u00edho v\u011bku Soci\u00e1ln\u00ed slu\u017eby m\u011bstsk\u00e9 \u010d\u00e1sti Praha 12,&nbsp;p\u0159\u00edsp\u011bvkov\u00e1 organizace &nbsp; \u200b V\u00e1\u017een\u00ed rodi\u010de, D\u011btsk\u00e1 skupina &#8211; Odd\u011blen\u00ed p\u00e9\u010de o d\u011bti mlad\u0161\u00edho ne\u017e p\u0159ed\u0161koln\u00edho v\u011bku, kter\u00e1 je sou\u010d\u00e1st\u00ed p\u0159\u00edsp\u011bvkov\u00e9 organizace Soci\u00e1ln\u00ed slu\u017eby m\u011bstsk\u00e9 \u010d\u00e1sti Praha 12, zaji\u0161\u0165uje komplexn\u00ed celodenn\u00ed p\u00e9\u010di o d\u011bti ve v\u011bku od 12 m\u011bs\u00edc\u016f [&hellip;]<\/p>\n","protected":false},"author":2,"featured_media":0,"parent":0,"menu_order":0,"comment_status":"closed","ping_status":"closed","template":"","meta":{"footnotes":""},"class_list":["post-156","page","type-page","status-publish","hentry"],"_links":{"self":[{"href":"https:\/\/www.jeslemodrany.cz\/index.php?rest_route=\/wp\/v2\/pages\/156","targetHints":{"allow":["GET"]}}],"collection":[{"href":"https:\/\/www.jeslemodrany.cz\/index.php?rest_route=\/wp\/v2\/pages"}],"about":[{"href":"https:\/\/www.jeslemodrany.cz\/index.php?rest_route=\/wp\/v2\/types\/page"}],"author":[{"embeddable":true,"href":"https:\/\/www.jeslemodrany.cz\/index.php?rest_route=\/wp\/v2\/users\/2"}],"replies":[{"embeddable":true,"href":"https:\/\/www.jeslemodrany.cz\/index.php?rest_route=%2Fwp%2Fv2%2Fcomments&post=156"}],"version-history":[{"count":34,"href":"https:\/\/www.jeslemodrany.cz\/index.php?rest_route=\/wp\/v2\/pages\/156\/revisions"}],"predecessor-version":[{"id":434,"href":"https:\/\/www.jeslemodrany.cz\/index.php?rest_route=\/wp\/v2\/pages\/156\/revisions\/434"}],"wp:attachment":[{"href":"https:\/\/www.jeslemodrany.cz\/index.php?rest_route=%2Fwp%2Fv2%2Fmedia&parent=156"}],"curies":[{"name":"wp","href":"https:\/\/api.w.org\/{rel}","templated":true}]}}