{"id":166,"date":"2025-03-28T07:28:08","date_gmt":"2025-03-28T06:28:08","guid":{"rendered":"https:\/\/www.jeslemodrany.cz\/?page_id=166"},"modified":"2026-02-13T08:54:58","modified_gmt":"2026-02-13T07:54:58","slug":"informace","status":"publish","type":"page","link":"https:\/\/www.jeslemodrany.cz\/?page_id=166","title":{"rendered":"O n\u00e1s"},"content":{"rendered":"<div class=\"\" style=\"\" >\n    \n    <section class=\"u-clearfix u-container-align-center u-custom-color-11 u-section-2\" id=\"sec-1736\">\n      <div class=\"u-clearfix u-sheet u-sheet-1\">\n        <div class=\"u-container-style u-custom-color-12 u-group u-radius u-shape-round u-group-1\">\n          <div class=\"u-container-layout u-container-layout-1\">\n            <p class=\"u-text u-text-default u-text-1\">\n              <span style=\"font-weight: 700; font-size: 1.5rem;\"> N\u00e1zev organiza\u010dn\u00ed jednotky: D\u011btsk\u00e1 skupina - Odd\u011blen\u00ed p\u00e9\u010de o d\u011bti mlad\u0161\u00edho ne\u017e p\u0159ed\u0161kon\u00edho v\u011bku - d\u011btsk\u00e9 skupiny <\/span>\n              <br>\n              <br>\n              <span style=\"font-weight: 700;\">Z\u00e1kladn\u00ed informace:<\/span>\n              <br>\n              <br>tel. 241761180<br>\n              <br>Adresa: Jordana Jovkova 3253, 143 00 Praha 4<br>\n              <br>Provozn\u00ed doba: 7,00 - 17,00 hodin<br>\n              <br>Kapacita: 48 d\u011bt\u00ed<br>\n              <br>D\u016fvod a zp\u016fsob zalo\u017een\u00ed: sou\u010d\u00e1st p\u0159\u00edsp\u011bvkov\u00e9 \norganizace z\u0159\u00edzen\u00e9 M\u010c Praha 12 za \u00fa\u010delem: zaji\u0161t\u011bn\u00ed komplexn\u00ed celodenn\u00ed \n\u010di kr\u00e1tkodob\u00e9 p\u00e9\u010de o d\u011bti ve v\u011bku od 12 m\u011bs\u00edc\u016f do 3 rok\u016f v\u011bku.<br>\n              <br>\n              <br>\n              <span style=\"font-weight: 700;\"> C\u00edle slu\u017eby <\/span>\n              <br>\n              <br>Celodenn\u00ed komplexn\u00ed p\u00e9\u010de o d\u011bti ve v\u011bku od 12 \nm\u011bs\u00edc\u016f do 3 rok\u016f v dob\u011b, kdy jejich rodi\u010de nejsou schopni zajistit p\u00e9\u010di \nvlastn\u00edmi silami. Poskytov\u00e1n\u00ed p\u00e9\u010de v p\u0159\u00edjemn\u00e9m, zdrav\u00e9m, citov\u011b a \nesteticky podn\u011btn\u00e9m prost\u0159ed\u00ed, s pou\u017eit\u00edm kvalifikovan\u00e9ho person\u00e1lu.<br>\n              <br>Realizace v\u011bku p\u0159im\u011b\u0159en\u00e9 v\u00fdchovn\u00e9 a \no\u0161et\u0159ovatelsk\u00e9 p\u00e9\u010de se zam\u011b\u0159en\u00edm na n\u00e1cvik z\u00e1kladn\u00edch n\u00e1vyk\u016f, zvl\u00e1d\u00e1n\u00ed \nv\u011bku p\u0159im\u011b\u0159en\u00fdch denn\u00edch aktivit, jemn\u00e9 a hrub\u00e9 motoriky, rozvoj my\u0161len\u00ed\n d\u011bt\u00ed dle stupn\u011b ontogenetick\u00e9ho v\u00fdvoje. <br>\n              <br>Zaji\u0161t\u011bn\u00ed celodenn\u00edho \nstravov\u00e1n\u00ed d\u011bt\u00ed odpov\u00eddaj\u00edc\u00edho princip\u016fm zdrav\u00e9 v\u00fd\u017eivy. Edukace rodi\u010d\u016f v\n p\u00e9\u010di o d\u011bti, jejich stravov\u00e1n\u00ed, poradensk\u00e1 \u010dinnost souvisej\u00edc\u00ed s \nv\u00fdchovou d\u011bt\u00ed a p\u00e9\u010d\u00ed o n\u011b. Socializace d\u011bt\u00ed. Pomoc rodin\u00e1m, v nich\u017e se \nsou\u010dasn\u011b narodily 3 a v\u00edce d\u011bt\u00ed.<br>\n              <br>\n              <br>\n              <span style=\"font-weight: 700;\"> Zp\u016fsoby poskytov\u00e1n\u00ed slu\u017eeb<\/span>\n              <br>\n              <br>- pravideln\u00e1 ka\u017edodenn\u00ed doch\u00e1zka d\u00edt\u011bte do za\u0159\u00edzen\u00ed<br>\n              <br>- kr\u00e1tkodob\u00e9 hl\u00edd\u00e1n\u00ed d\u011bt\u00ed v dob\u011b, kdy rodi\u010de nejsou schopni p\u00e9\u010di o d\u00edt\u011b zajistit vlastn\u00edmi silami<br>\n              <br>- pomoc d\u011btsk\u00e9 zdravotn\u00ed sestry \u010di p\u011bstounky v rodin\u011b<br>\n              <br>- poradenstv\u00ed<br>\n              <br>\n              <br>\n              <span style=\"font-weight: 700;\"> Rozsah slu\u017eby <\/span>\n              <br>\n              <br>- celodenn\u00ed stravov\u00e1n\u00ed odpov\u00eddaj\u00edc\u00ed po\u017eadavk\u016fm zdrav\u00e9 v\u00fd\u017eivy (p\u0159\u00edprava stravy ve vlastn\u00ed kuchyni)<br>\n              <br>- poskytov\u00e1n\u00ed soci\u00e1ln\u011b o\u0161et\u0159ovatelsk\u00e9 p\u00e9\u010de d\u011btem<br>\n              <br>- poskytov\u00e1n\u00ed v\u00fdchovn\u00e9 p\u00e9\u010de<br>\n              <br>- poradenstv\u00ed<br>\n              <br>- osobn\u00ed hygiena - zaji\u0161t\u011bna jako prvek p\u0159\u00edm\u00e9 o\u0161et\u0159ovatelsk\u00e9 p\u00e9\u010de<br>\n              <br>- pran\u00ed pr\u00e1dla - \u00fastavn\u00edho i d\u011btsk\u00e9ho<br>\n              <br>- \u00faklid prostor person\u00e1lem za\u0159\u00edzen\u00ed<br>\n              <br>- zdravotn\u00ed p\u00e9\u010de - zaji\u0161t\u011bna kontaktem s pediatrem, v akutn\u00edch p\u0159\u00edpadech l\u00e9ka\u0159sk\u00e1 pohotovost<br>\n              <br>\n              <br>\n              <span style=\"font-weight: 700;\"> C\u00edlov\u00e1 skupina klient\u016f <\/span>\n              <br>\n              <br>- rodi\u010de s d\u011btmi ve v\u011bku od 12 m\u011bs\u00edc\u016f do 3 \nrok\u016f, kte\u0159\u00ed jsou zam\u011bstn\u00e1ni nebo nejsou schopni po ur\u010ditou dobu zajistit\n p\u00e9\u010di o d\u00edt\u011b vlastn\u00edmi silami,<br>\n              <br>- rodiny, v nich\u017e se sou\u010dasn\u011b narodily 3 a v\u00edce d\u011bt\u00ed<br>\n              <br>- rodi\u010de se zdravotn\u00edm handicapem, kter\u00fd m\u016f\u017ee negativn\u011b ovlivnit v\u00fdvoj d\u00edt\u011bte (hluchon\u011bmost,..)<br>\n              <br>- d\u011bti studuj\u00edc\u00edch \n            <\/p>\n          <\/div>\n        <\/div>\n      <\/div>\n    <\/section>\n    \n    \n    \n  \n<\/div>","protected":false},"excerpt":{"rendered":"<p>N\u00e1zev organiza\u010dn\u00ed jednotky: D\u011btsk\u00e1 skupina &#8211; Odd\u011blen\u00ed p\u00e9\u010de o d\u011bti mlad\u0161\u00edho ne\u017e p\u0159ed\u0161kon\u00edho v\u011bku &#8211; d\u011btsk\u00e9 skupiny Z\u00e1kladn\u00ed informace: tel. 241761180 Adresa: Jordana Jovkova 3253, 143 00 Praha 4 Provozn\u00ed doba: 7,00 &#8211; 17,00 hodin Kapacita: 48 d\u011bt\u00ed D\u016fvod a zp\u016fsob zalo\u017een\u00ed: sou\u010d\u00e1st p\u0159\u00edsp\u011bvkov\u00e9 organizace z\u0159\u00edzen\u00e9 M\u010c Praha 12 za \u00fa\u010delem: zaji\u0161t\u011bn\u00ed komplexn\u00ed celodenn\u00ed \u010di [&hellip;]<\/p>\n","protected":false},"author":1,"featured_media":0,"parent":0,"menu_order":0,"comment_status":"closed","ping_status":"closed","template":"","meta":{"footnotes":""},"class_list":["post-166","page","type-page","status-publish","hentry"],"_links":{"self":[{"href":"https:\/\/www.jeslemodrany.cz\/index.php?rest_route=\/wp\/v2\/pages\/166","targetHints":{"allow":["GET"]}}],"collection":[{"href":"https:\/\/www.jeslemodrany.cz\/index.php?rest_route=\/wp\/v2\/pages"}],"about":[{"href":"https:\/\/www.jeslemodrany.cz\/index.php?rest_route=\/wp\/v2\/types\/page"}],"author":[{"embeddable":true,"href":"https:\/\/www.jeslemodrany.cz\/index.php?rest_route=\/wp\/v2\/users\/1"}],"replies":[{"embeddable":true,"href":"https:\/\/www.jeslemodrany.cz\/index.php?rest_route=%2Fwp%2Fv2%2Fcomments&post=166"}],"version-history":[{"count":6,"href":"https:\/\/www.jeslemodrany.cz\/index.php?rest_route=\/wp\/v2\/pages\/166\/revisions"}],"predecessor-version":[{"id":394,"href":"https:\/\/www.jeslemodrany.cz\/index.php?rest_route=\/wp\/v2\/pages\/166\/revisions\/394"}],"wp:attachment":[{"href":"https:\/\/www.jeslemodrany.cz\/index.php?rest_route=%2Fwp%2Fv2%2Fmedia&parent=166"}],"curies":[{"name":"wp","href":"https:\/\/api.w.org\/{rel}","templated":true}]}}