{"id":17,"date":"2025-03-25T14:10:40","date_gmt":"2025-03-25T13:10:40","guid":{"rendered":"https:\/\/www.jeslemodrany.cz\/?page_id=17"},"modified":"2025-03-28T11:13:08","modified_gmt":"2025-03-28T10:13:08","slug":"kontakt","status":"publish","type":"page","link":"https:\/\/www.jeslemodrany.cz\/?page_id=17","title":{"rendered":"Kontakt"},"content":{"rendered":"<div class=\"\" style=\"\" >\n    \n    <section class=\"u-clearfix u-container-align-center u-custom-color-5 u-section-2\" id=\"carousel_1196\">\n      <div class=\"u-clearfix u-sheet u-valign-middle-lg u-valign-middle-md u-valign-middle-sm u-valign-middle-xl u-sheet-1\">\n        <div class=\"data-layout-selected u-clearfix u-expanded-width u-gutter-40 u-layout-wrap u-layout-wrap-1\">\n          <div class=\"u-layout\">\n            <div class=\"u-layout-row\">\n              <div class=\"u-container-style u-custom-color-9 u-layout-cell u-radius u-shape-round u-size-30 u-layout-cell-1\">\n                <div class=\"u-container-layout u-container-layout-1\">\n                  <h2 class=\"u-text u-text-default u-text-1\"> D\u011btsk\u00e1 skupina - Odd\u011blen\u00ed p\u00e9\u010de o d\u011bti mlad\u0161\u00edho ne\u017e p\u0159ed\u0161koln\u00edho v\u011bku<\/h2>\n                  <h2 class=\"u-text u-text-2\">\n                    <span style=\"font-weight: 700;\">Adresa:<\/span> Jordana Jovkova 3253, 143 00 Praha 4<br>\n                    <br>\n                    <br>\n                    <span style=\"font-weight: 700;\">Vedouc\u00ed odd\u011blen\u00ed:<\/span> Jitka Rathousk\u00e1<br>\n                    <br>&nbsp;\u200b&nbsp;<span class=\"u-file-icon u-icon u-icon-1\"><img decoding=\"async\" src=\"https:\/\/www.jeslemodrany.cz\/wp-content\/uploads\/2025\/03\/13936-1.png\" alt=\"\"><\/span>&nbsp;241 761 180<br>\n                    <br>&nbsp;<span class=\"u-file-icon u-icon\"><img decoding=\"async\" src=\"https:\/\/www.jeslemodrany.cz\/wp-content\/uploads\/2025\/03\/386220.png\" alt=\"\"><\/span> info@jeslemodrany.cz<br>&nbsp; <span class=\"u-file-icon u-icon\"><img decoding=\"async\" src=\"https:\/\/www.jeslemodrany.cz\/wp-content\/uploads\/2025\/03\/386220.png\" alt=\"\"><\/span> jesle.modrany@centrum.cz<br>\n                    <span style=\"font-weight: 700;\">\n                      <br>Provozn\u00ed doba:\n                    <\/span> 7.00 - 17.00 hodin<br>\n                    <br>\n                    <br>\n                    <span style=\"font-size: 1.125rem;\">Provozovatel<\/span>:<br>\n                    <span style=\"font-size: 1rem;\">\n                      <br>Soci\u00e1ln\u00ed slu\u017eby m\u011bstsk\u00e9 \u010d\u00e1sti Praha 12, p\u0159\u00edsp\u011bvkov\u00e1 organizace<br>I\u010c: 708 82 169<br>S\u00eddlo: Olbramovick\u00e1 703, 142 00 Praha 4<br>\n                      <a href=\"http:\/\/www.socsluzbymc12.cz\" class=\"u-btn u-button-link u-button-style u-text-palette-1-base u-btn-1\" target=\"_blank\">www.socsluzbymc12.cz<\/a>\n                    <\/span>\n                    <br>\n                    <br>\n                  <\/h2>\n                <\/div>\n              <\/div>\n              <div class=\"u-container-align-center u-container-style u-layout-cell u-shape-rectangle u-size-30 u-layout-cell-2\">\n                <div class=\"u-container-layout u-container-layout-2\">\n                  <div class=\"u-absolute-hcenter u-expanded u-grey-light-2 u-map\">\n                    <div class=\"embed-responsive\">\n                      <iframe class=\"embed-responsive-item\" src=\"https:\/\/maps.google.com\/maps?output=embed&amp;q=Jordana%20Jovkova%203253&amp;z=17&amp;t=m\" data-map=\"JTdCJTIycG9zaXRpb25UeXBlJTIyJTNBJTIybWFwLXBvaW50JTIyJTJDJTIyYWRkcmVzcyUyMiUzQSUyMkpvcmRhbmElMjBKb3Zrb3ZhJTIwMzI1MyUyMiUyQyUyMnpvb20lMjIlM0ExNyUyQyUyMnR5cGVJZCUyMiUzQSUyMnJvYWQlMjIlMkMlMjJsYW5nJTIyJTNBbnVsbCUyQyUyMmFwaUtleSUyMiUzQW51bGwlMkMlMjJtYXJrZXJzJTIyJTNBJTVCJTVEJTdE\"><\/iframe>\n                    <\/div>\n                  <\/div>\n                <\/div>\n              <\/div>\n            <\/div>\n          <\/div>\n        <\/div>\n      <\/div>\n    <\/section>\n    <section class=\"u-clearfix u-container-align-center u-custom-color-5 u-section-3\" id=\"sec-e3f0\">\n      <div class=\"u-clearfix u-sheet u-sheet-1\"><\/div>\n    <\/section>\n    \n    \n    \n  \n<\/div>","protected":false},"excerpt":{"rendered":"<p>D\u011btsk\u00e1 skupina &#8211; Odd\u011blen\u00ed p\u00e9\u010de o d\u011bti mlad\u0161\u00edho ne\u017e p\u0159ed\u0161koln\u00edho v\u011bku Adresa: Jordana Jovkova 3253, 143 00 Praha 4 Vedouc\u00ed odd\u011blen\u00ed: Jitka Rathousk\u00e1 &nbsp;\u200b&nbsp;&nbsp;241 761 180 &nbsp; info@jeslemodrany.cz&nbsp; jesle.modrany@centrum.cz Provozn\u00ed doba: 7.00 &#8211; 17.00 hodin Provozovatel: Soci\u00e1ln\u00ed slu\u017eby m\u011bstsk\u00e9 \u010d\u00e1sti Praha 12, p\u0159\u00edsp\u011bvkov\u00e1 organizaceI\u010c: 708 82 169S\u00eddlo: Olbramovick\u00e1 703, 142 00 Praha 4 www.socsluzbymc12.cz<\/p>\n","protected":false},"author":1,"featured_media":0,"parent":0,"menu_order":0,"comment_status":"closed","ping_status":"closed","template":"","meta":{"footnotes":""},"class_list":["post-17","page","type-page","status-publish","hentry"],"_links":{"self":[{"href":"https:\/\/www.jeslemodrany.cz\/index.php?rest_route=\/wp\/v2\/pages\/17","targetHints":{"allow":["GET"]}}],"collection":[{"href":"https:\/\/www.jeslemodrany.cz\/index.php?rest_route=\/wp\/v2\/pages"}],"about":[{"href":"https:\/\/www.jeslemodrany.cz\/index.php?rest_route=\/wp\/v2\/types\/page"}],"author":[{"embeddable":true,"href":"https:\/\/www.jeslemodrany.cz\/index.php?rest_route=\/wp\/v2\/users\/1"}],"replies":[{"embeddable":true,"href":"https:\/\/www.jeslemodrany.cz\/index.php?rest_route=%2Fwp%2Fv2%2Fcomments&post=17"}],"version-history":[{"count":7,"href":"https:\/\/www.jeslemodrany.cz\/index.php?rest_route=\/wp\/v2\/pages\/17\/revisions"}],"predecessor-version":[{"id":141,"href":"https:\/\/www.jeslemodrany.cz\/index.php?rest_route=\/wp\/v2\/pages\/17\/revisions\/141"}],"wp:attachment":[{"href":"https:\/\/www.jeslemodrany.cz\/index.php?rest_route=%2Fwp%2Fv2%2Fmedia&parent=17"}],"curies":[{"name":"wp","href":"https:\/\/api.w.org\/{rel}","templated":true}]}}