{"id":178,"date":"2025-03-28T07:29:12","date_gmt":"2025-03-28T06:29:12","guid":{"rendered":"https:\/\/www.jeslemodrany.cz\/?page_id=178"},"modified":"2026-02-13T08:59:57","modified_gmt":"2026-02-13T07:59:57","slug":"formulare","status":"publish","type":"page","link":"https:\/\/www.jeslemodrany.cz\/?page_id=178","title":{"rendered":"Formul\u00e1\u0159e"},"content":{"rendered":"<div class=\"\" style=\"\" >\n    \n    <section class=\"u-clearfix u-custom-color-11 u-section-2\" id=\"sec-d15c\">\n      <div class=\"u-clearfix u-sheet u-sheet-1\">\n        <a href=\"https:\/\/www.jeslemodrany.cz\/wp-content\/uploads\/2025\/04\/EVLD.docx\" class=\"u-btn u-btn-round u-button-style u-custom-color-12 u-file-link u-hover-palette-1-light-1 u-radius u-btn-1\"> \u017d\u00e1dost o slu\u017ebu \/ Eviden\u010dn\u00ed list d\u00edt\u011bte<\/a>\n        <a href=\"https:\/\/www.jeslemodrany.cz\/wp-content\/uploads\/2025\/04\/Posudek.docx\" class=\"u-border-none u-btn u-btn-round u-button-style u-custom-color-12 u-file-link u-hover-palette-1-light-1 u-radius u-btn-2\"> Posudek o zdravotn\u00ed zp\u016fsobilosti d\u00edt\u011bte<\/a>\n        <a href=\"https:\/\/www.jeslemodrany.cz\/wp-content\/uploads\/2025\/04\/Dotaznik.pdf\" class=\"u-btn u-btn-round u-button-style u-custom-color-12 u-file-link u-hover-palette-1-light-1 u-radius u-btn-3\"> Dotazn\u00edk pro z\u00e1konn\u00e9ho z\u00e1stupce d\u00edt\u011bte<\/a>\n        <a href=\"https:\/\/www.jeslemodrany.cz\/wp-content\/uploads\/2025\/04\/GDPR.docx\" class=\"u-border-none u-btn u-btn-round u-button-style u-custom-color-12 u-file-link u-hover-palette-1-light-1 u-radius u-btn-4\"> GDPR<\/a>\n      <\/div>\n    <\/section>\n    \n    \n    \n  \n<\/div>","protected":false},"excerpt":{"rendered":"<p>\u017d\u00e1dost o slu\u017ebu \/ Eviden\u010dn\u00ed list d\u00edt\u011bte Posudek o zdravotn\u00ed zp\u016fsobilosti d\u00edt\u011bte Dotazn\u00edk pro z\u00e1konn\u00e9ho z\u00e1stupce d\u00edt\u011bte GDPR<\/p>\n","protected":false},"author":1,"featured_media":0,"parent":0,"menu_order":0,"comment_status":"closed","ping_status":"closed","template":"","meta":{"footnotes":""},"class_list":["post-178","page","type-page","status-publish","hentry"],"_links":{"self":[{"href":"https:\/\/www.jeslemodrany.cz\/index.php?rest_route=\/wp\/v2\/pages\/178","targetHints":{"allow":["GET"]}}],"collection":[{"href":"https:\/\/www.jeslemodrany.cz\/index.php?rest_route=\/wp\/v2\/pages"}],"about":[{"href":"https:\/\/www.jeslemodrany.cz\/index.php?rest_route=\/wp\/v2\/types\/page"}],"author":[{"embeddable":true,"href":"https:\/\/www.jeslemodrany.cz\/index.php?rest_route=\/wp\/v2\/users\/1"}],"replies":[{"embeddable":true,"href":"https:\/\/www.jeslemodrany.cz\/index.php?rest_route=%2Fwp%2Fv2%2Fcomments&post=178"}],"version-history":[{"count":2,"href":"https:\/\/www.jeslemodrany.cz\/index.php?rest_route=\/wp\/v2\/pages\/178\/revisions"}],"predecessor-version":[{"id":242,"href":"https:\/\/www.jeslemodrany.cz\/index.php?rest_route=\/wp\/v2\/pages\/178\/revisions\/242"}],"wp:attachment":[{"href":"https:\/\/www.jeslemodrany.cz\/index.php?rest_route=%2Fwp%2Fv2%2Fmedia&parent=178"}],"curies":[{"name":"wp","href":"https:\/\/api.w.org\/{rel}","templated":true}]}}