{"id":20,"date":"2025-03-25T14:10:32","date_gmt":"2025-03-25T13:10:32","guid":{"rendered":"https:\/\/www.jeslemodrany.cz\/?page_id=20"},"modified":"2025-03-25T14:10:32","modified_gmt":"2025-03-25T13:10:32","slug":"jidelnicek","status":"publish","type":"page","link":"https:\/\/www.jeslemodrany.cz\/?page_id=20","title":{"rendered":"J\u00eddeln\u00ed\u010dek"},"content":{"rendered":"<div class=\"\" style=\"\" >\n    \n    <section class=\"u-clearfix u-custom-color-5 u-section-2\" id=\"sec-15b7\">\n      <div class=\"u-clearfix u-sheet u-sheet-1\"><\/div>\n    <\/section>\n    \n    \n    \n    \n  \n<\/div>","protected":false},"excerpt":{"rendered":"","protected":false},"author":1,"featured_media":0,"parent":0,"menu_order":0,"comment_status":"closed","ping_status":"closed","template":"","meta":{"footnotes":""},"class_list":["post-20","page","type-page","status-publish","hentry"],"_links":{"self":[{"href":"https:\/\/www.jeslemodrany.cz\/index.php?rest_route=\/wp\/v2\/pages\/20","targetHints":{"allow":["GET"]}}],"collection":[{"href":"https:\/\/www.jeslemodrany.cz\/index.php?rest_route=\/wp\/v2\/pages"}],"about":[{"href":"https:\/\/www.jeslemodrany.cz\/index.php?rest_route=\/wp\/v2\/types\/page"}],"author":[{"embeddable":true,"href":"https:\/\/www.jeslemodrany.cz\/index.php?rest_route=\/wp\/v2\/users\/1"}],"replies":[{"embeddable":true,"href":"https:\/\/www.jeslemodrany.cz\/index.php?rest_route=%2Fwp%2Fv2%2Fcomments&post=20"}],"version-history":[{"count":2,"href":"https:\/\/www.jeslemodrany.cz\/index.php?rest_route=\/wp\/v2\/pages\/20\/revisions"}],"predecessor-version":[{"id":24,"href":"https:\/\/www.jeslemodrany.cz\/index.php?rest_route=\/wp\/v2\/pages\/20\/revisions\/24"}],"wp:attachment":[{"href":"https:\/\/www.jeslemodrany.cz\/index.php?rest_route=%2Fwp%2Fv2%2Fmedia&parent=20"}],"curies":[{"name":"wp","href":"https:\/\/api.w.org\/{rel}","templated":true}]}}