{"id":202,"date":"2025-03-28T07:31:12","date_gmt":"2025-03-28T06:31:12","guid":{"rendered":"https:\/\/www.jeslemodrany.cz\/?page_id=202"},"modified":"2025-04-16T14:12:22","modified_gmt":"2025-04-16T12:12:22","slug":"kuchyn","status":"publish","type":"page","link":"https:\/\/www.jeslemodrany.cz\/?page_id=202","title":{"rendered":"Kuchy\u0148"},"content":{"rendered":"<div class=\"\" style=\"\" >\n    \n    <section class=\"u-clearfix u-container-align-center u-custom-color-11 u-section-2\" id=\"sec-44f9\">\n      <div class=\"u-clearfix u-sheet u-sheet-1\">\n        <div class=\"u-align-left u-container-style u-custom-color-12 u-group u-radius u-shape-round u-group-1\">\n          <div class=\"u-container-layout u-container-layout-1\">\n            <h4 class=\"u-text u-text-default u-text-1\">\n              <span style=\"font-weight: 700; font-size: 1.5rem;\">\n                <span style=\"font-size: 2.25rem;\">NA\u0160E KUCHY\u0147 <\/span>\n                <br>\n              <\/span>\n              <br>\n              <br>\n              <br>\n              <span style=\"font-size: 1.25rem;\">M\u00e1me vlastn\u00ed kuchy\u0148 a dv\u011b skv\u011bl\u00e9 kucha\u0159ky s v\u00edce jak 30 ti letou prax\u00ed. \nKuchy\u0148 m\u00e1 na starosti na\u0161e pan\u00ed hospod\u00e1\u0159ka s dietn\u00ed sestrou v jednom. <br>\n                <br>Strava je zalo\u017een\u00e1 na zdrav\u00e9 v\u00fd\u017eiv\u011b, ml\u00e9\u010dn\u00fdch v\u00fdrobc\u00edch. J\u00eddlo se neko\u0159en\u00ed, pou\u017e\u00edv\u00e1 se pouze km\u00edn, major\u00e1nka, minimum soli a p\u0159\u00edpadn\u011b \u010derstv\u00e1 pa\u017eitka. \nStriktn\u011b dodr\u017eujeme dietu \u010d.12 pro batolata dle dietn\u00edho syst\u00e9mu. <br>\n                <br>\n                <br>\n                <span style=\"font-weight: 700; font-size: 1.5rem;\">Vzorov\u00fd j\u00eddeln\u00ed\u010dek:<\/span>\n                <br>\n              <\/span>\n              <br>\n              <br>\n              <br>\n              <span style=\"font-size: 1.25rem;\">\n                <span style=\"font-weight: 700; font-size: 1.5rem;\"> Sn\u00eddan\u011b 7,00 \u2013 8,00 hod. <\/span>\n                <br>\n                <br>-\tPe\u010divo (chl\u00e9b, rohl\u00edky, housky, veka nebo toastov\u00fd chl\u00e9b) <br>-\tPomaz\u00e1nka (vaj\u00ed\u010dkov\u00e1, cizrnov\u00e1, ryb\u00ed ...) <br>-\t\u0160lehan\u00fd tvaroh, jogurt, pribin\u00e1\u010dek&nbsp; <br>- \u0160unka, s\u00fdr (strouhan\u00fd, pl\u00e1tkov\u00fd, taven\u00fd) \n              <\/span>\n              <br>\n              <span style=\"font-size: 1.25rem;\">-\tAlmette, lu\u010dina, \u017eerv\u00e9 <br>\n                <br>\n                <br>\n                <span style=\"font-weight: 700; font-size: 1.5rem;\">Dopoledn\u00ed sva\u010dina 9,00 \u2013 9,15 hod. <\/span>\n                <br>\n                <br>-\tOvoce (jablka, ban\u00e1ny, mandarinky, kiwi, pomeran\u010de, hroznov\u00e9 v\u00edno, meloun, broskve, nektarinky nebo jahody) <br>\n                <br>\n                <br>\n                <span style=\"font-weight: 700; font-size: 1.5rem;\">Ob\u011bd 10,45 \u2013 11,15 hod. <\/span>\n                <br>\n                <br>-\tMaso (vep\u0159ov\u00e9, ku\u0159ec\u00ed, kr\u016ft\u00ed prsa a fil\u00e9) s om\u00e1\u010dkou krom\u011b fil\u00e9) <br>-\tP\u0159\u00edlohy (bramborov\u00e1 ka\u0161e, r\u00fd\u017ee, t\u011bstoviny, knedl\u00edky, brambory, kuskus) <br>\n                <br>\n                <br>\n                <span style=\"font-weight: 700; font-size: 1.5rem;\">Odpoledn\u00ed sva\u010dina 14,00 \u2013 14,30 hod. <\/span>\n                <br>\n                <br>-\tSlan\u00e9 pe\u010divo viz sn\u00eddan\u011b <br>-\tSladk\u00e9 pe\u010divo (b\u00e1bovky, v\u00e1no\u010dky, \u010desk\u00e9 buchty, z\u00e1viny,...), pouze ale 1x t\u00fddn\u011b <br>-\tJin\u00fd druh ovoce, ne\u017e je k dopoledn\u00ed sva\u010din\u011b <br>-\tZelenina (cherry raj\u010data, kapie, sal\u00e1tov\u00e1 okurka, \u010derven\u00e1 \u0159epa, papriky,...) <br>-\tPomaz\u00e1nky (\u0161unkov\u00e1 p\u011bna, budape\u0161\u0165) <br>-\tPuding s tvarohem, kompot\n              <\/span>\n              <br>\n              <br>\n              <br>\n              <span style=\"font-size: 1.25rem;\">J\u00eddeln\u00ed\u010dek je dle aktu\u00e1ln\u00edho z\u00e1sobov\u00e1n\u00ed <br>\n                <br>\n                <br>\n                <span style=\"font-weight: 700;\">Zm\u011bna j\u00eddeln\u00ed\u010dku vyhrazena<\/span>\n              <\/span>\n            <\/h4>\n          <\/div>\n        <\/div>\n      <\/div>\n    <\/section>\n    \n    \n    \n  \n<\/div>","protected":false},"excerpt":{"rendered":"<p>NA\u0160E KUCHY\u0147 M\u00e1me vlastn\u00ed kuchy\u0148 a dv\u011b skv\u011bl\u00e9 kucha\u0159ky s v\u00edce jak 30 ti letou prax\u00ed. Kuchy\u0148 m\u00e1 na starosti na\u0161e pan\u00ed hospod\u00e1\u0159ka s dietn\u00ed sestrou v jednom. Strava je zalo\u017een\u00e1 na zdrav\u00e9 v\u00fd\u017eiv\u011b, ml\u00e9\u010dn\u00fdch v\u00fdrobc\u00edch. J\u00eddlo se neko\u0159en\u00ed, pou\u017e\u00edv\u00e1 se pouze km\u00edn, major\u00e1nka, minimum soli a p\u0159\u00edpadn\u011b \u010derstv\u00e1 pa\u017eitka. Striktn\u011b dodr\u017eujeme dietu \u010d.12 pro [&hellip;]<\/p>\n","protected":false},"author":1,"featured_media":0,"parent":0,"menu_order":0,"comment_status":"closed","ping_status":"closed","template":"","meta":{"footnotes":""},"class_list":["post-202","page","type-page","status-publish","hentry"],"_links":{"self":[{"href":"https:\/\/www.jeslemodrany.cz\/index.php?rest_route=\/wp\/v2\/pages\/202","targetHints":{"allow":["GET"]}}],"collection":[{"href":"https:\/\/www.jeslemodrany.cz\/index.php?rest_route=\/wp\/v2\/pages"}],"about":[{"href":"https:\/\/www.jeslemodrany.cz\/index.php?rest_route=\/wp\/v2\/types\/page"}],"author":[{"embeddable":true,"href":"https:\/\/www.jeslemodrany.cz\/index.php?rest_route=\/wp\/v2\/users\/1"}],"replies":[{"embeddable":true,"href":"https:\/\/www.jeslemodrany.cz\/index.php?rest_route=%2Fwp%2Fv2%2Fcomments&post=202"}],"version-history":[{"count":10,"href":"https:\/\/www.jeslemodrany.cz\/index.php?rest_route=\/wp\/v2\/pages\/202\/revisions"}],"predecessor-version":[{"id":299,"href":"https:\/\/www.jeslemodrany.cz\/index.php?rest_route=\/wp\/v2\/pages\/202\/revisions\/299"}],"wp:attachment":[{"href":"https:\/\/www.jeslemodrany.cz\/index.php?rest_route=%2Fwp%2Fv2%2Fmedia&parent=202"}],"curies":[{"name":"wp","href":"https:\/\/api.w.org\/{rel}","templated":true}]}}