{"id":34,"date":"2025-03-25T14:10:14","date_gmt":"2025-03-25T13:10:14","guid":{"rendered":"https:\/\/www.jeslemodrany.cz\/?page_id=34"},"modified":"2026-04-16T07:28:30","modified_gmt":"2026-04-16T05:28:30","slug":"aktuality","status":"publish","type":"page","link":"https:\/\/www.jeslemodrany.cz\/?page_id=34","title":{"rendered":"Aktuality"},"content":{"rendered":"<div class=\"\" style=\"\" >\n    \n    <section class=\"u-clearfix u-custom-color-5 u-section-2\" id=\"sec-1b85\">\n      <div class=\"u-clearfix u-sheet u-sheet-1\">\n        <p class=\"u-text u-text-default u-text-1\">\n          <span style=\"font-weight: 700;\"><\/span>Z \u00e1 p i s&nbsp; d\u011bt\u00ed do D\u011btsk\u00e9 skupiny - Odd\u011blen\u00ed p\u00e9\u010de o d\u011bti mlad\u0161\u00edho ne\u017e p\u0159ed\u0161koln\u00edho v\u011bku, J. Jovkova 3253, Praha 4<br>\n          <br> Dne 9. \u010dervna 2026 se v dob\u011b od 8,00 do 15,00 hod uskute\u010dn\u00ed 2. kolo \nz\u00e1pisu d\u011bt\u00ed do D\u011btsk\u00e9 skupiny - Odd\u011blen\u00ed p\u00e9\u010de o d\u011bti mlad\u0161\u00edho ne\u017e \np\u0159ed\u0161koln\u00edho v\u011bku.<br>\n          <br>\n          <br>\n          <span style=\"font-weight: 700;\">P\u0159i z\u00e1pisu je nutn\u00e9 dolo\u017eit ji\u017e vypln\u011bn\u00e9 podklady - \u017e\u00e1dost o \nslu\u017ebu, posudek o zdravotn\u00ed zp\u016fsobilosti d\u00edt\u011bte, dotazn\u00edk pro z\u00e1konn\u00e9ho \nz\u00e1stupce d\u00edt\u011bte a GDPR - souhlas s nakl\u00e1d\u00e1n\u00edm s osobn\u00edmi a citliv\u00fdmi \n\u00fadaji. Formul\u00e1\u0159e jsou ke sta\u017een\u00ed na str\u00e1nk\u00e1ch v sekci Dokumenty - Formul\u00e1\u0159e.<\/span>\n        <\/p>\n      <\/div>\n    <\/section>\n    \n    \n    \n  \n<\/div>","protected":false},"excerpt":{"rendered":"<p>Z \u00e1 p i s&nbsp; d\u011bt\u00ed do D\u011btsk\u00e9 skupiny &#8211; Odd\u011blen\u00ed p\u00e9\u010de o d\u011bti mlad\u0161\u00edho ne\u017e p\u0159ed\u0161koln\u00edho v\u011bku, J. Jovkova 3253, Praha 4 Dne 9. \u010dervna 2026 se v dob\u011b od 8,00 do 15,00 hod uskute\u010dn\u00ed 2. kolo z\u00e1pisu d\u011bt\u00ed do D\u011btsk\u00e9 skupiny &#8211; Odd\u011blen\u00ed p\u00e9\u010de o d\u011bti mlad\u0161\u00edho ne\u017e p\u0159ed\u0161koln\u00edho v\u011bku. P\u0159i z\u00e1pisu je [&hellip;]<\/p>\n","protected":false},"author":1,"featured_media":0,"parent":0,"menu_order":0,"comment_status":"closed","ping_status":"closed","template":"","meta":{"footnotes":""},"class_list":["post-34","page","type-page","status-publish","hentry"],"_links":{"self":[{"href":"https:\/\/www.jeslemodrany.cz\/index.php?rest_route=\/wp\/v2\/pages\/34","targetHints":{"allow":["GET"]}}],"collection":[{"href":"https:\/\/www.jeslemodrany.cz\/index.php?rest_route=\/wp\/v2\/pages"}],"about":[{"href":"https:\/\/www.jeslemodrany.cz\/index.php?rest_route=\/wp\/v2\/types\/page"}],"author":[{"embeddable":true,"href":"https:\/\/www.jeslemodrany.cz\/index.php?rest_route=\/wp\/v2\/users\/1"}],"replies":[{"embeddable":true,"href":"https:\/\/www.jeslemodrany.cz\/index.php?rest_route=%2Fwp%2Fv2%2Fcomments&post=34"}],"version-history":[{"count":11,"href":"https:\/\/www.jeslemodrany.cz\/index.php?rest_route=\/wp\/v2\/pages\/34\/revisions"}],"predecessor-version":[{"id":433,"href":"https:\/\/www.jeslemodrany.cz\/index.php?rest_route=\/wp\/v2\/pages\/34\/revisions\/433"}],"wp:attachment":[{"href":"https:\/\/www.jeslemodrany.cz\/index.php?rest_route=%2Fwp%2Fv2%2Fmedia&parent=34"}],"curies":[{"name":"wp","href":"https:\/\/api.w.org\/{rel}","templated":true}]}}